{"id":2328,"date":"2021-08-20T01:16:59","date_gmt":"2021-08-19T23:16:59","guid":{"rendered":"https:\/\/fbb-rbb.com\/?page_id=2328"},"modified":"2025-04-17T02:23:15","modified_gmt":"2025-04-17T00:23:15","slug":"festivalieres-homepage","status":"publish","type":"page","link":"https:\/\/fbb-rbb.com\/index.php\/festivalieres-homepage\/","title":{"rendered":"Festivali\u00e8res homepage"},"content":{"rendered":"\t\t<div data-elementor-type=\"wp-page\" data-elementor-id=\"2328\" class=\"elementor elementor-2328\" data-elementor-settings=\"[]\">\n\t\t\t\t\t\t<div class=\"elementor-inner\">\n\t\t\t\t\t\t\t<div class=\"elementor-section-wrap\">\n\t\t\t\t\t\t\t<section class=\"elementor-section elementor-top-section elementor-element elementor-element-f988351 elementor-section-height-min-height elementor-section-boxed elementor-section-height-default elementor-section-items-middle\" data-id=\"f988351\" data-element_type=\"section\" data-settings=\"{&quot;background_background&quot;:&quot;classic&quot;}\">\n\t\t\t\t\t\t<div class=\"elementor-container elementor-column-gap-default\">\n\t\t\t\t\t\t\t<div class=\"elementor-row\">\n\t\t\t\t\t<div class=\"elementor-column elementor-col-100 elementor-top-column elementor-element elementor-element-2a787930\" data-id=\"2a787930\" data-element_type=\"column\" data-settings=\"{&quot;background_background&quot;:&quot;classic&quot;}\">\n\t\t\t<div class=\"elementor-column-wrap elementor-element-populated\">\n\t\t\t\t\t\t\t<div class=\"elementor-widget-wrap\">\n\t\t\t\t\t\t<section class=\"elementor-section elementor-inner-section elementor-element elementor-element-678fbd11 elementor-reverse-tablet elementor-reverse-mobile elementor-section-boxed elementor-section-height-default elementor-section-height-default elementor-invisible\" data-id=\"678fbd11\" data-element_type=\"section\" data-settings=\"{&quot;background_background&quot;:&quot;classic&quot;,&quot;animation&quot;:&quot;fadeIn&quot;}\">\n\t\t\t\t\t\t<div class=\"elementor-container elementor-column-gap-default\">\n\t\t\t\t\t\t\t<div class=\"elementor-row\">\n\t\t\t\t\t<div class=\"elementor-column elementor-col-50 elementor-inner-column elementor-element elementor-element-37b89170\" data-id=\"37b89170\" data-element_type=\"column\" data-settings=\"{&quot;background_background&quot;:&quot;classic&quot;}\">\n\t\t\t<div class=\"elementor-column-wrap elementor-element-populated\">\n\t\t\t\t\t\t\t<div class=\"elementor-widget-wrap\">\n\t\t\t\t\t\t<div class=\"elementor-element elementor-element-5d9359f0 animated-fast elementor-invisible elementor-widget elementor-widget-heading\" data-id=\"5d9359f0\" data-element_type=\"widget\" data-settings=\"{&quot;_animation&quot;:&quot;fadeInUp&quot;}\" data-widget_type=\"heading.default\">\n\t\t\t\t<div class=\"elementor-widget-container\">\n\t\t\t<h3 class=\"elementor-heading-title elementor-size-default\">FESTIVALIERES<\/h3>\t\t<\/div>\n\t\t\t\t<\/div>\n\t\t\t\t<div class=\"elementor-element elementor-element-75d9cde1 elementor-widget-divider--view-line elementor-widget elementor-widget-divider\" data-id=\"75d9cde1\" data-element_type=\"widget\" data-widget_type=\"divider.default\">\n\t\t\t\t<div class=\"elementor-widget-container\">\n\t\t\t\t\t<div class=\"elementor-divider\">\n\t\t\t<span class=\"elementor-divider-separator\">\n\t\t\t\t\t\t<\/span>\n\t\t<\/div>\n\t\t\t\t<\/div>\n\t\t\t\t<\/div>\n\t\t\t\t<div class=\"elementor-element elementor-element-446b278f elementor-widget elementor-widget-text-editor\" data-id=\"446b278f\" data-element_type=\"widget\" data-widget_type=\"text-editor.default\">\n\t\t\t\t<div class=\"elementor-widget-container\">\n\t\t\t\t\t\t\t\t<div class=\"elementor-text-editor elementor-clearfix\">\n\t\t\t\t<p>Le festival Biso Basi (FBB) a \u00e9t\u00e9 cr\u00e9\u00e9 en 2015 en R\u00e9publique D\u00e9mocratique du Congo. C\u2019est un salon de l\u2019entreprenariat f\u00e9minin qui a lieu dans plusieurs pays du monde. L\u2019entr\u00e9e est libre et gratuite pour tous (hommes, femmes, enfants) pour d\u00e9couvrir, s\u2019informer, passer un moment de bien-\u00eatre ou effectuer des achats. C\u2019est un lieu festif et culturel : de la musique, des repas et des animations pour petits et grands, des expositions artistiques\u2026 Et tout \u00e7a dans une vision d\u2019ouverture multiculturelle.<\/p><p>Les exposantes sont des femmes entrepreneures dans les secteurs \u00e9conomiques, sociaux et artistiques. Le but est triple :<\/p><ol><li>Donner une opportunit\u00e9 aux femmes d\u2019 affaires de se faire conna\u00eetre.<\/li><li>Encourager de futures initiatives, stimuler, motiver et soutenir les femmes d\u2019 ici et d\u2019 ailleurs.<\/li><li>Ce festival est enfin pour elles une plateforme pour exposer, vendre leurs marchandises et promouvoir leur travail.<\/li><\/ol>\t\t\t\t\t<\/div>\n\t\t\t\t\t\t<\/div>\n\t\t\t\t<\/div>\n\t\t\t\t<div class=\"elementor-element elementor-element-16f3502a elementor-align-center elementor-widget elementor-widget-button\" data-id=\"16f3502a\" data-element_type=\"widget\" data-widget_type=\"button.default\">\n\t\t\t\t<div class=\"elementor-widget-container\">\n\t\t\t\t\t<div class=\"elementor-button-wrapper\">\n\t\t\t<a href=\"https:\/\/forms.gle\/YNC28r3gppY6XMFy5\" target=\"_blank\" class=\"elementor-button-link elementor-button elementor-size-sm elementor-animation-grow\" role=\"button\">\n\t\t\t\t\t\t<span class=\"elementor-button-content-wrapper\">\n\t\t\t\t\t\t<span class=\"elementor-button-icon elementor-align-icon-right\">\n\t\t\t\t<i aria-hidden=\"true\" class=\"far fa-id-card\"><\/i>\t\t\t<\/span>\n\t\t\t\t\t\t<span class=\"elementor-button-text\">Inscription<\/span>\n\t\t<\/span>\n\t\t\t\t\t<\/a>\n\t\t<\/div>\n\t\t\t\t<\/div>\n\t\t\t\t<\/div>\n\t\t\t\t<div class=\"elementor-element elementor-element-219e5e45 elementor-widget elementor-widget-spacer\" data-id=\"219e5e45\" data-element_type=\"widget\" data-widget_type=\"spacer.default\">\n\t\t\t\t<div class=\"elementor-widget-container\">\n\t\t\t\t\t<div class=\"elementor-spacer\">\n\t\t\t<div class=\"elementor-spacer-inner\"><\/div>\n\t\t<\/div>\n\t\t\t\t<\/div>\n\t\t\t\t<\/div>\n\t\t\t\t\t\t<\/div>\n\t\t\t\t\t<\/div>\n\t\t<\/div>\n\t\t\t\t<div class=\"elementor-column elementor-col-50 elementor-inner-column elementor-element elementor-element-7428d0e0\" data-id=\"7428d0e0\" data-element_type=\"column\">\n\t\t\t<div class=\"elementor-column-wrap elementor-element-populated\">\n\t\t\t\t\t\t\t<div class=\"elementor-widget-wrap\">\n\t\t\t\t\t\t<div class=\"elementor-element elementor-element-34071d07 elementor-widget elementor-widget-image\" data-id=\"34071d07\" data-element_type=\"widget\" data-widget_type=\"image.default\">\n\t\t\t\t<div class=\"elementor-widget-container\">\n\t\t\t\t\t\t\t\t<div class=\"elementor-image\">\n\t\t\t\t\t\t\t\t\t\t\t\t<img decoding=\"async\" src=\"https:\/\/fbb-rbb.com\/wp-content\/uploads\/elementor\/thumbs\/c3ed8220-e631-4acb-a0bf-53441bd59bf7-pq5xiultrjqmug8q0fjosphirqyeluex9dgarjom68.jpg\" title=\"c3ed8220-e631-4acb-a0bf-53441bd59bf7\" alt=\"c3ed8220-e631-4acb-a0bf-53441bd59bf7\" \/>\t\t\t\t\t\t\t\t\t\t\t\t\t\t<\/div>\n\t\t\t\t\t\t<\/div>\n\t\t\t\t<\/div>\n\t\t\t\t\t\t<\/div>\n\t\t\t\t\t<\/div>\n\t\t<\/div>\n\t\t\t\t\t\t\t\t<\/div>\n\t\t\t\t\t<\/div>\n\t\t<\/section>\n\t\t\t\t\t\t<\/div>\n\t\t\t\t\t<\/div>\n\t\t<\/div>\n\t\t\t\t\t\t\t\t<\/div>\n\t\t\t\t\t<\/div>\n\t\t<\/section>\n\t\t\t\t\t\t<\/div>\n\t\t\t\t\t\t<\/div>\n\t\t\t\t\t<\/div>\n\t\t","protected":false},"excerpt":{"rendered":"<p>FESTIVALIERES Le festival Biso Basi (FBB) a \u00e9t\u00e9 cr\u00e9\u00e9 en 2015 en R\u00e9publique D\u00e9mocratique du Congo. C\u2019est un salon de l\u2019entreprenariat f\u00e9minin qui a lieu dans plusieurs pays du monde. [&hellip;]<\/p>\n","protected":false},"author":2,"featured_media":0,"parent":0,"menu_order":0,"comment_status":"closed","ping_status":"closed","template":"elementor_header_footer","meta":{"footnotes":""},"class_list":["post-2328","page","type-page","status-publish","hentry"],"yoast_head":"<!-- This site is optimized with the Yoast SEO plugin v18.0 - https:\/\/yoast.com\/wordpress\/plugins\/seo\/ -->\n<title>Festivali\u00e8res homepage - R\u00e9seau Biso Basi<\/title>\n<meta name=\"robots\" content=\"index, follow, max-snippet:-1, max-image-preview:large, max-video-preview:-1\" \/>\n<link rel=\"canonical\" href=\"https:\/\/fbb-rbb.com\/index.php\/festivalieres-homepage\/\" \/>\n<meta property=\"og:locale\" content=\"en_US\" \/>\n<meta property=\"og:type\" content=\"article\" \/>\n<meta property=\"og:title\" content=\"Festivali\u00e8res homepage - R\u00e9seau Biso Basi\" \/>\n<meta property=\"og:description\" content=\"FESTIVALIERES Le festival Biso Basi (FBB) a \u00e9t\u00e9 cr\u00e9\u00e9 en 2015 en R\u00e9publique D\u00e9mocratique du Congo. C\u2019est un salon de l\u2019entreprenariat f\u00e9minin qui a lieu dans plusieurs pays du monde. [&hellip;]\" \/>\n<meta property=\"og:url\" content=\"https:\/\/fbb-rbb.com\/index.php\/festivalieres-homepage\/\" \/>\n<meta property=\"og:site_name\" content=\"R\u00e9seau Biso Basi\" \/>\n<meta property=\"article:modified_time\" content=\"2025-04-17T00:23:15+00:00\" \/>\n<meta property=\"og:image\" content=\"https:\/\/fbb-rbb.com\/wp-content\/uploads\/elementor\/thumbs\/c3ed8220-e631-4acb-a0bf-53441bd59bf7-pq5xiultrjqmug8q0fjosphirqyeluex9dgarjom68.jpg\" \/>\n<meta name=\"twitter:card\" content=\"summary_large_image\" \/>\n<meta name=\"twitter:label1\" content=\"Est. reading time\" \/>\n\t<meta name=\"twitter:data1\" content=\"1 minute\" \/>\n<script type=\"application\/ld+json\" class=\"yoast-schema-graph\">{\"@context\":\"https:\/\/schema.org\",\"@graph\":[{\"@type\":\"WebSite\",\"@id\":\"https:\/\/fbb-rbb.com\/#website\",\"url\":\"https:\/\/fbb-rbb.com\/\",\"name\":\"R\u00e9seau Biso Basi\",\"description\":\"R\u00e9seau BISO BASI\",\"potentialAction\":[{\"@type\":\"SearchAction\",\"target\":{\"@type\":\"EntryPoint\",\"urlTemplate\":\"https:\/\/fbb-rbb.com\/?s={search_term_string}\"},\"query-input\":\"required name=search_term_string\"}],\"inLanguage\":\"en-US\"},{\"@type\":\"ImageObject\",\"@id\":\"https:\/\/fbb-rbb.com\/index.php\/festivalieres-homepage\/#primaryimage\",\"inLanguage\":\"en-US\",\"url\":\"https:\/\/fbb-rbb.com\/wp-content\/uploads\/elementor\/thumbs\/c3ed8220-e631-4acb-a0bf-53441bd59bf7-pq5xiultrjqmug8q0fjosphirqyeluex9dgarjom68.jpg\",\"contentUrl\":\"https:\/\/fbb-rbb.com\/wp-content\/uploads\/elementor\/thumbs\/c3ed8220-e631-4acb-a0bf-53441bd59bf7-pq5xiultrjqmug8q0fjosphirqyeluex9dgarjom68.jpg\"},{\"@type\":\"WebPage\",\"@id\":\"https:\/\/fbb-rbb.com\/index.php\/festivalieres-homepage\/#webpage\",\"url\":\"https:\/\/fbb-rbb.com\/index.php\/festivalieres-homepage\/\",\"name\":\"Festivali\u00e8res homepage - R\u00e9seau Biso Basi\",\"isPartOf\":{\"@id\":\"https:\/\/fbb-rbb.com\/#website\"},\"primaryImageOfPage\":{\"@id\":\"https:\/\/fbb-rbb.com\/index.php\/festivalieres-homepage\/#primaryimage\"},\"datePublished\":\"2021-08-19T23:16:59+00:00\",\"dateModified\":\"2025-04-17T00:23:15+00:00\",\"breadcrumb\":{\"@id\":\"https:\/\/fbb-rbb.com\/index.php\/festivalieres-homepage\/#breadcrumb\"},\"inLanguage\":\"en-US\",\"potentialAction\":[{\"@type\":\"ReadAction\",\"target\":[\"https:\/\/fbb-rbb.com\/index.php\/festivalieres-homepage\/\"]}]},{\"@type\":\"BreadcrumbList\",\"@id\":\"https:\/\/fbb-rbb.com\/index.php\/festivalieres-homepage\/#breadcrumb\",\"itemListElement\":[{\"@type\":\"ListItem\",\"position\":1,\"name\":\"Home\",\"item\":\"https:\/\/fbb-rbb.com\/\"},{\"@type\":\"ListItem\",\"position\":2,\"name\":\"Festivali\u00e8res homepage\"}]}]}<\/script>\n<!-- \/ Yoast SEO plugin. -->","yoast_head_json":{"title":"Festivali\u00e8res homepage - R\u00e9seau Biso Basi","robots":{"index":"index","follow":"follow","max-snippet":"max-snippet:-1","max-image-preview":"max-image-preview:large","max-video-preview":"max-video-preview:-1"},"canonical":"https:\/\/fbb-rbb.com\/index.php\/festivalieres-homepage\/","og_locale":"en_US","og_type":"article","og_title":"Festivali\u00e8res homepage - R\u00e9seau Biso Basi","og_description":"FESTIVALIERES Le festival Biso Basi (FBB) a \u00e9t\u00e9 cr\u00e9\u00e9 en 2015 en R\u00e9publique D\u00e9mocratique du Congo. C\u2019est un salon de l\u2019entreprenariat f\u00e9minin qui a lieu dans plusieurs pays du monde. [&hellip;]","og_url":"https:\/\/fbb-rbb.com\/index.php\/festivalieres-homepage\/","og_site_name":"R\u00e9seau Biso Basi","article_modified_time":"2025-04-17T00:23:15+00:00","og_image":[{"url":"https:\/\/fbb-rbb.com\/wp-content\/uploads\/elementor\/thumbs\/c3ed8220-e631-4acb-a0bf-53441bd59bf7-pq5xiultrjqmug8q0fjosphirqyeluex9dgarjom68.jpg"}],"twitter_card":"summary_large_image","twitter_misc":{"Est. reading time":"1 minute"},"schema":{"@context":"https:\/\/schema.org","@graph":[{"@type":"WebSite","@id":"https:\/\/fbb-rbb.com\/#website","url":"https:\/\/fbb-rbb.com\/","name":"R\u00e9seau Biso Basi","description":"R\u00e9seau BISO BASI","potentialAction":[{"@type":"SearchAction","target":{"@type":"EntryPoint","urlTemplate":"https:\/\/fbb-rbb.com\/?s={search_term_string}"},"query-input":"required name=search_term_string"}],"inLanguage":"en-US"},{"@type":"ImageObject","@id":"https:\/\/fbb-rbb.com\/index.php\/festivalieres-homepage\/#primaryimage","inLanguage":"en-US","url":"https:\/\/fbb-rbb.com\/wp-content\/uploads\/elementor\/thumbs\/c3ed8220-e631-4acb-a0bf-53441bd59bf7-pq5xiultrjqmug8q0fjosphirqyeluex9dgarjom68.jpg","contentUrl":"https:\/\/fbb-rbb.com\/wp-content\/uploads\/elementor\/thumbs\/c3ed8220-e631-4acb-a0bf-53441bd59bf7-pq5xiultrjqmug8q0fjosphirqyeluex9dgarjom68.jpg"},{"@type":"WebPage","@id":"https:\/\/fbb-rbb.com\/index.php\/festivalieres-homepage\/#webpage","url":"https:\/\/fbb-rbb.com\/index.php\/festivalieres-homepage\/","name":"Festivali\u00e8res homepage - R\u00e9seau Biso Basi","isPartOf":{"@id":"https:\/\/fbb-rbb.com\/#website"},"primaryImageOfPage":{"@id":"https:\/\/fbb-rbb.com\/index.php\/festivalieres-homepage\/#primaryimage"},"datePublished":"2021-08-19T23:16:59+00:00","dateModified":"2025-04-17T00:23:15+00:00","breadcrumb":{"@id":"https:\/\/fbb-rbb.com\/index.php\/festivalieres-homepage\/#breadcrumb"},"inLanguage":"en-US","potentialAction":[{"@type":"ReadAction","target":["https:\/\/fbb-rbb.com\/index.php\/festivalieres-homepage\/"]}]},{"@type":"BreadcrumbList","@id":"https:\/\/fbb-rbb.com\/index.php\/festivalieres-homepage\/#breadcrumb","itemListElement":[{"@type":"ListItem","position":1,"name":"Home","item":"https:\/\/fbb-rbb.com\/"},{"@type":"ListItem","position":2,"name":"Festivali\u00e8res homepage"}]}]}},"_links":{"self":[{"href":"https:\/\/fbb-rbb.com\/index.php\/wp-json\/wp\/v2\/pages\/2328","targetHints":{"allow":["GET"]}}],"collection":[{"href":"https:\/\/fbb-rbb.com\/index.php\/wp-json\/wp\/v2\/pages"}],"about":[{"href":"https:\/\/fbb-rbb.com\/index.php\/wp-json\/wp\/v2\/types\/page"}],"author":[{"embeddable":true,"href":"https:\/\/fbb-rbb.com\/index.php\/wp-json\/wp\/v2\/users\/2"}],"replies":[{"embeddable":true,"href":"https:\/\/fbb-rbb.com\/index.php\/wp-json\/wp\/v2\/comments?post=2328"}],"version-history":[{"count":33,"href":"https:\/\/fbb-rbb.com\/index.php\/wp-json\/wp\/v2\/pages\/2328\/revisions"}],"predecessor-version":[{"id":5551,"href":"https:\/\/fbb-rbb.com\/index.php\/wp-json\/wp\/v2\/pages\/2328\/revisions\/5551"}],"wp:attachment":[{"href":"https:\/\/fbb-rbb.com\/index.php\/wp-json\/wp\/v2\/media?parent=2328"}],"curies":[{"name":"wp","href":"https:\/\/api.w.org\/{rel}","templated":true}]}}