{"id":2338,"date":"2021-08-20T01:23:12","date_gmt":"2021-08-19T23:23:12","guid":{"rendered":"https:\/\/fbb-rbb.com\/?page_id=2338"},"modified":"2025-04-17T02:32:17","modified_gmt":"2025-04-17T00:32:17","slug":"entrepreneures-homepage","status":"publish","type":"page","link":"https:\/\/fbb-rbb.com\/index.php\/entrepreneures-homepage\/","title":{"rendered":"Entrepreneures Homepage"},"content":{"rendered":"\t\t<div data-elementor-type=\"wp-page\" data-elementor-id=\"2338\" class=\"elementor elementor-2338\" data-elementor-settings=\"[]\">\n\t\t\t\t\t\t<div class=\"elementor-inner\">\n\t\t\t\t\t\t\t<div class=\"elementor-section-wrap\">\n\t\t\t\t\t\t\t<section class=\"elementor-section elementor-top-section elementor-element elementor-element-ea91c48 elementor-section-height-min-height elementor-section-boxed elementor-section-height-default elementor-section-items-middle\" data-id=\"ea91c48\" data-element_type=\"section\" data-settings=\"{&quot;background_background&quot;:&quot;classic&quot;}\">\n\t\t\t\t\t\t<div class=\"elementor-container elementor-column-gap-default\">\n\t\t\t\t\t\t\t<div class=\"elementor-row\">\n\t\t\t\t\t<div class=\"elementor-column elementor-col-100 elementor-top-column elementor-element elementor-element-4a42efdd\" data-id=\"4a42efdd\" data-element_type=\"column\" data-settings=\"{&quot;background_background&quot;:&quot;classic&quot;}\">\n\t\t\t<div class=\"elementor-column-wrap elementor-element-populated\">\n\t\t\t\t\t\t\t<div class=\"elementor-widget-wrap\">\n\t\t\t\t\t\t<section class=\"elementor-section elementor-inner-section elementor-element elementor-element-67dbb620 elementor-reverse-tablet elementor-reverse-mobile elementor-section-boxed elementor-section-height-default elementor-section-height-default elementor-invisible\" data-id=\"67dbb620\" data-element_type=\"section\" data-settings=\"{&quot;background_background&quot;:&quot;classic&quot;,&quot;animation&quot;:&quot;fadeIn&quot;}\">\n\t\t\t\t\t\t<div class=\"elementor-container elementor-column-gap-default\">\n\t\t\t\t\t\t\t<div class=\"elementor-row\">\n\t\t\t\t\t<div class=\"elementor-column elementor-col-50 elementor-inner-column elementor-element elementor-element-57198957\" data-id=\"57198957\" data-element_type=\"column\" data-settings=\"{&quot;background_background&quot;:&quot;classic&quot;}\">\n\t\t\t<div class=\"elementor-column-wrap elementor-element-populated\">\n\t\t\t\t\t\t\t<div class=\"elementor-widget-wrap\">\n\t\t\t\t\t\t<div class=\"elementor-element elementor-element-75256def animated-fast elementor-invisible elementor-widget elementor-widget-heading\" data-id=\"75256def\" data-element_type=\"widget\" data-settings=\"{&quot;_animation&quot;:&quot;fadeInUp&quot;}\" data-widget_type=\"heading.default\">\n\t\t\t\t<div class=\"elementor-widget-container\">\n\t\t\t<h2 class=\"elementor-heading-title elementor-size-default\">ENTREPRENEURES<\/h2>\t\t<\/div>\n\t\t\t\t<\/div>\n\t\t\t\t<div class=\"elementor-element elementor-element-679305a9 elementor-widget-divider--view-line elementor-widget elementor-widget-divider\" data-id=\"679305a9\" data-element_type=\"widget\" data-widget_type=\"divider.default\">\n\t\t\t\t<div class=\"elementor-widget-container\">\n\t\t\t\t\t<div class=\"elementor-divider\">\n\t\t\t<span class=\"elementor-divider-separator\">\n\t\t\t\t\t\t<\/span>\n\t\t<\/div>\n\t\t\t\t<\/div>\n\t\t\t\t<\/div>\n\t\t\t\t<div class=\"elementor-element elementor-element-2e5820b5 elementor-widget elementor-widget-text-editor\" data-id=\"2e5820b5\" data-element_type=\"widget\" data-widget_type=\"text-editor.default\">\n\t\t\t\t<div class=\"elementor-widget-container\">\n\t\t\t\t\t\t\t\t<div class=\"elementor-text-editor elementor-clearfix\">\n\t\t\t\t<p>Ici se rejoignent : des femmes entrepreneures qui veulent am\u00e9liorer leurs pratiques professionnelles, des porteuses de projets qui h\u00e9sitent \u00e0 se lancer ou encore des entrepreneures pr\u00eates \u00e0 d\u00e9couvrir de nouvelles opportunit\u00e9s d\u2019affaires.<\/p><p>Vous pourrez vous inscrire aux :<\/p><ul><li>Rencontres de r\u00e9seautage .<\/li><li>Workshops (ateliers de formation).<\/li><li>Formations et info-sessions pour booster votre entrepreneuriat.<\/li><li>Divers \u00e9v\u00e8nements : Festival Biso Basi, Pop Up Shop, Congr\u00e8s des entrepreneurs&#8230;<\/li><\/ul>\t\t\t\t\t<\/div>\n\t\t\t\t\t\t<\/div>\n\t\t\t\t<\/div>\n\t\t\t\t<div class=\"elementor-element elementor-element-7741842c elementor-widget elementor-widget-spacer\" data-id=\"7741842c\" data-element_type=\"widget\" data-widget_type=\"spacer.default\">\n\t\t\t\t<div class=\"elementor-widget-container\">\n\t\t\t\t\t<div class=\"elementor-spacer\">\n\t\t\t<div class=\"elementor-spacer-inner\"><\/div>\n\t\t<\/div>\n\t\t\t\t<\/div>\n\t\t\t\t<\/div>\n\t\t\t\t<div class=\"elementor-element elementor-element-68c5ffd9 elementor-align-center elementor-widget elementor-widget-button\" data-id=\"68c5ffd9\" data-element_type=\"widget\" data-widget_type=\"button.default\">\n\t\t\t\t<div class=\"elementor-widget-container\">\n\t\t\t\t\t<div class=\"elementor-button-wrapper\">\n\t\t\t<a href=\"https:\/\/forms.gle\/wmYnKP47Kx4STRTG9\" target=\"_blank\" class=\"elementor-button-link elementor-button elementor-size-sm elementor-animation-grow\" role=\"button\">\n\t\t\t\t\t\t<span class=\"elementor-button-content-wrapper\">\n\t\t\t\t\t\t<span class=\"elementor-button-icon elementor-align-icon-right\">\n\t\t\t\t<i aria-hidden=\"true\" class=\"far fa-id-card\"><\/i>\t\t\t<\/span>\n\t\t\t\t\t\t<span class=\"elementor-button-text\">Inscription<\/span>\n\t\t<\/span>\n\t\t\t\t\t<\/a>\n\t\t<\/div>\n\t\t\t\t<\/div>\n\t\t\t\t<\/div>\n\t\t\t\t\t\t<\/div>\n\t\t\t\t\t<\/div>\n\t\t<\/div>\n\t\t\t\t<div class=\"elementor-column elementor-col-50 elementor-inner-column elementor-element elementor-element-2e905958\" data-id=\"2e905958\" data-element_type=\"column\">\n\t\t\t<div class=\"elementor-column-wrap elementor-element-populated\">\n\t\t\t\t\t\t\t<div class=\"elementor-widget-wrap\">\n\t\t\t\t\t\t<div class=\"elementor-element elementor-element-5cd1018d elementor-widget elementor-widget-image\" data-id=\"5cd1018d\" data-element_type=\"widget\" data-widget_type=\"image.default\">\n\t\t\t\t<div class=\"elementor-widget-container\">\n\t\t\t\t\t\t\t\t<div class=\"elementor-image\">\n\t\t\t\t\t\t\t\t\t\t\t\t<img decoding=\"async\" src=\"https:\/\/fbb-rbb.com\/wp-content\/uploads\/elementor\/thumbs\/PHOTO-2023-10-04-15-32-56-qdr45c214xfmfqvnvh4h458ex74pe6sisxbqw0ddfk.jpg\" title=\"PHOTO-2023-10-04-15-32-56\" alt=\"PHOTO-2023-10-04-15-32-56\" \/>\t\t\t\t\t\t\t\t\t\t\t\t\t\t<\/div>\n\t\t\t\t\t\t<\/div>\n\t\t\t\t<\/div>\n\t\t\t\t\t\t<\/div>\n\t\t\t\t\t<\/div>\n\t\t<\/div>\n\t\t\t\t\t\t\t\t<\/div>\n\t\t\t\t\t<\/div>\n\t\t<\/section>\n\t\t\t\t\t\t<\/div>\n\t\t\t\t\t<\/div>\n\t\t<\/div>\n\t\t\t\t\t\t\t\t<\/div>\n\t\t\t\t\t<\/div>\n\t\t<\/section>\n\t\t\t\t\t\t<\/div>\n\t\t\t\t\t\t<\/div>\n\t\t\t\t\t<\/div>\n\t\t","protected":false},"excerpt":{"rendered":"<p>ENTREPRENEURES Ici se rejoignent : des femmes entrepreneures qui veulent am\u00e9liorer leurs pratiques professionnelles, des porteuses de projets qui h\u00e9sitent \u00e0 se lancer ou encore des entrepreneures pr\u00eates \u00e0 d\u00e9couvrir [&hellip;]<\/p>\n","protected":false},"author":2,"featured_media":0,"parent":0,"menu_order":0,"comment_status":"closed","ping_status":"closed","template":"elementor_header_footer","meta":{"footnotes":""},"class_list":["post-2338","page","type-page","status-publish","hentry"],"yoast_head":"<!-- This site is optimized with the Yoast SEO plugin v18.0 - https:\/\/yoast.com\/wordpress\/plugins\/seo\/ -->\n<title>Entrepreneures Homepage - R\u00e9seau Biso Basi<\/title>\n<meta name=\"robots\" content=\"index, follow, max-snippet:-1, max-image-preview:large, max-video-preview:-1\" \/>\n<link rel=\"canonical\" href=\"https:\/\/fbb-rbb.com\/index.php\/entrepreneures-homepage\/\" \/>\n<meta property=\"og:locale\" content=\"en_US\" \/>\n<meta property=\"og:type\" content=\"article\" \/>\n<meta property=\"og:title\" content=\"Entrepreneures Homepage - R\u00e9seau Biso Basi\" \/>\n<meta property=\"og:description\" content=\"ENTREPRENEURES Ici se rejoignent : des femmes entrepreneures qui veulent am\u00e9liorer leurs pratiques professionnelles, des porteuses de projets qui h\u00e9sitent \u00e0 se lancer ou encore des entrepreneures pr\u00eates \u00e0 d\u00e9couvrir [&hellip;]\" \/>\n<meta property=\"og:url\" content=\"https:\/\/fbb-rbb.com\/index.php\/entrepreneures-homepage\/\" \/>\n<meta property=\"og:site_name\" content=\"R\u00e9seau Biso Basi\" \/>\n<meta property=\"article:modified_time\" content=\"2025-04-17T00:32:17+00:00\" \/>\n<meta property=\"og:image\" content=\"https:\/\/fbb-rbb.com\/wp-content\/uploads\/elementor\/thumbs\/PHOTO-2023-10-04-15-32-56-qdr45c214xfmfqvnvh4h458ex74pe6sisxbqw0ddfk.jpg\" \/>\n<meta name=\"twitter:card\" content=\"summary_large_image\" \/>\n<meta name=\"twitter:label1\" content=\"Est. reading time\" \/>\n\t<meta name=\"twitter:data1\" content=\"1 minute\" \/>\n<script type=\"application\/ld+json\" class=\"yoast-schema-graph\">{\"@context\":\"https:\/\/schema.org\",\"@graph\":[{\"@type\":\"WebSite\",\"@id\":\"https:\/\/fbb-rbb.com\/#website\",\"url\":\"https:\/\/fbb-rbb.com\/\",\"name\":\"R\u00e9seau Biso Basi\",\"description\":\"R\u00e9seau BISO BASI\",\"potentialAction\":[{\"@type\":\"SearchAction\",\"target\":{\"@type\":\"EntryPoint\",\"urlTemplate\":\"https:\/\/fbb-rbb.com\/?s={search_term_string}\"},\"query-input\":\"required name=search_term_string\"}],\"inLanguage\":\"en-US\"},{\"@type\":\"ImageObject\",\"@id\":\"https:\/\/fbb-rbb.com\/index.php\/entrepreneures-homepage\/#primaryimage\",\"inLanguage\":\"en-US\",\"url\":\"https:\/\/fbb-rbb.com\/wp-content\/uploads\/elementor\/thumbs\/PHOTO-2023-10-04-15-32-56-qdr45c214xfmfqvnvh4h458ex74pe6sisxbqw0ddfk.jpg\",\"contentUrl\":\"https:\/\/fbb-rbb.com\/wp-content\/uploads\/elementor\/thumbs\/PHOTO-2023-10-04-15-32-56-qdr45c214xfmfqvnvh4h458ex74pe6sisxbqw0ddfk.jpg\"},{\"@type\":\"WebPage\",\"@id\":\"https:\/\/fbb-rbb.com\/index.php\/entrepreneures-homepage\/#webpage\",\"url\":\"https:\/\/fbb-rbb.com\/index.php\/entrepreneures-homepage\/\",\"name\":\"Entrepreneures Homepage - R\u00e9seau Biso Basi\",\"isPartOf\":{\"@id\":\"https:\/\/fbb-rbb.com\/#website\"},\"primaryImageOfPage\":{\"@id\":\"https:\/\/fbb-rbb.com\/index.php\/entrepreneures-homepage\/#primaryimage\"},\"datePublished\":\"2021-08-19T23:23:12+00:00\",\"dateModified\":\"2025-04-17T00:32:17+00:00\",\"breadcrumb\":{\"@id\":\"https:\/\/fbb-rbb.com\/index.php\/entrepreneures-homepage\/#breadcrumb\"},\"inLanguage\":\"en-US\",\"potentialAction\":[{\"@type\":\"ReadAction\",\"target\":[\"https:\/\/fbb-rbb.com\/index.php\/entrepreneures-homepage\/\"]}]},{\"@type\":\"BreadcrumbList\",\"@id\":\"https:\/\/fbb-rbb.com\/index.php\/entrepreneures-homepage\/#breadcrumb\",\"itemListElement\":[{\"@type\":\"ListItem\",\"position\":1,\"name\":\"Home\",\"item\":\"https:\/\/fbb-rbb.com\/\"},{\"@type\":\"ListItem\",\"position\":2,\"name\":\"Entrepreneures Homepage\"}]}]}<\/script>\n<!-- \/ Yoast SEO plugin. -->","yoast_head_json":{"title":"Entrepreneures Homepage - R\u00e9seau Biso Basi","robots":{"index":"index","follow":"follow","max-snippet":"max-snippet:-1","max-image-preview":"max-image-preview:large","max-video-preview":"max-video-preview:-1"},"canonical":"https:\/\/fbb-rbb.com\/index.php\/entrepreneures-homepage\/","og_locale":"en_US","og_type":"article","og_title":"Entrepreneures Homepage - R\u00e9seau Biso Basi","og_description":"ENTREPRENEURES Ici se rejoignent : des femmes entrepreneures qui veulent am\u00e9liorer leurs pratiques professionnelles, des porteuses de projets qui h\u00e9sitent \u00e0 se lancer ou encore des entrepreneures pr\u00eates \u00e0 d\u00e9couvrir [&hellip;]","og_url":"https:\/\/fbb-rbb.com\/index.php\/entrepreneures-homepage\/","og_site_name":"R\u00e9seau Biso Basi","article_modified_time":"2025-04-17T00:32:17+00:00","og_image":[{"url":"https:\/\/fbb-rbb.com\/wp-content\/uploads\/elementor\/thumbs\/PHOTO-2023-10-04-15-32-56-qdr45c214xfmfqvnvh4h458ex74pe6sisxbqw0ddfk.jpg"}],"twitter_card":"summary_large_image","twitter_misc":{"Est. reading time":"1 minute"},"schema":{"@context":"https:\/\/schema.org","@graph":[{"@type":"WebSite","@id":"https:\/\/fbb-rbb.com\/#website","url":"https:\/\/fbb-rbb.com\/","name":"R\u00e9seau Biso Basi","description":"R\u00e9seau BISO BASI","potentialAction":[{"@type":"SearchAction","target":{"@type":"EntryPoint","urlTemplate":"https:\/\/fbb-rbb.com\/?s={search_term_string}"},"query-input":"required name=search_term_string"}],"inLanguage":"en-US"},{"@type":"ImageObject","@id":"https:\/\/fbb-rbb.com\/index.php\/entrepreneures-homepage\/#primaryimage","inLanguage":"en-US","url":"https:\/\/fbb-rbb.com\/wp-content\/uploads\/elementor\/thumbs\/PHOTO-2023-10-04-15-32-56-qdr45c214xfmfqvnvh4h458ex74pe6sisxbqw0ddfk.jpg","contentUrl":"https:\/\/fbb-rbb.com\/wp-content\/uploads\/elementor\/thumbs\/PHOTO-2023-10-04-15-32-56-qdr45c214xfmfqvnvh4h458ex74pe6sisxbqw0ddfk.jpg"},{"@type":"WebPage","@id":"https:\/\/fbb-rbb.com\/index.php\/entrepreneures-homepage\/#webpage","url":"https:\/\/fbb-rbb.com\/index.php\/entrepreneures-homepage\/","name":"Entrepreneures Homepage - R\u00e9seau Biso Basi","isPartOf":{"@id":"https:\/\/fbb-rbb.com\/#website"},"primaryImageOfPage":{"@id":"https:\/\/fbb-rbb.com\/index.php\/entrepreneures-homepage\/#primaryimage"},"datePublished":"2021-08-19T23:23:12+00:00","dateModified":"2025-04-17T00:32:17+00:00","breadcrumb":{"@id":"https:\/\/fbb-rbb.com\/index.php\/entrepreneures-homepage\/#breadcrumb"},"inLanguage":"en-US","potentialAction":[{"@type":"ReadAction","target":["https:\/\/fbb-rbb.com\/index.php\/entrepreneures-homepage\/"]}]},{"@type":"BreadcrumbList","@id":"https:\/\/fbb-rbb.com\/index.php\/entrepreneures-homepage\/#breadcrumb","itemListElement":[{"@type":"ListItem","position":1,"name":"Home","item":"https:\/\/fbb-rbb.com\/"},{"@type":"ListItem","position":2,"name":"Entrepreneures Homepage"}]}]}},"_links":{"self":[{"href":"https:\/\/fbb-rbb.com\/index.php\/wp-json\/wp\/v2\/pages\/2338","targetHints":{"allow":["GET"]}}],"collection":[{"href":"https:\/\/fbb-rbb.com\/index.php\/wp-json\/wp\/v2\/pages"}],"about":[{"href":"https:\/\/fbb-rbb.com\/index.php\/wp-json\/wp\/v2\/types\/page"}],"author":[{"embeddable":true,"href":"https:\/\/fbb-rbb.com\/index.php\/wp-json\/wp\/v2\/users\/2"}],"replies":[{"embeddable":true,"href":"https:\/\/fbb-rbb.com\/index.php\/wp-json\/wp\/v2\/comments?post=2338"}],"version-history":[{"count":66,"href":"https:\/\/fbb-rbb.com\/index.php\/wp-json\/wp\/v2\/pages\/2338\/revisions"}],"predecessor-version":[{"id":5560,"href":"https:\/\/fbb-rbb.com\/index.php\/wp-json\/wp\/v2\/pages\/2338\/revisions\/5560"}],"wp:attachment":[{"href":"https:\/\/fbb-rbb.com\/index.php\/wp-json\/wp\/v2\/media?parent=2338"}],"curies":[{"name":"wp","href":"https:\/\/api.w.org\/{rel}","templated":true}]}}