{"id":4597,"date":"2022-09-17T11:48:29","date_gmt":"2022-09-17T09:48:29","guid":{"rendered":"https:\/\/fbb-rbb.com\/?page_id=4597"},"modified":"2026-01-14T20:18:54","modified_gmt":"2026-01-14T19:18:54","slug":"abonnement-rbb","status":"publish","type":"page","link":"https:\/\/fbb-rbb.com\/index.php\/abonnement-rbb\/","title":{"rendered":"Abonnement RBB"},"content":{"rendered":"\t\t<div data-elementor-type=\"wp-page\" data-elementor-id=\"4597\" class=\"elementor elementor-4597\" data-elementor-settings=\"[]\">\n\t\t\t\t\t\t<div class=\"elementor-inner\">\n\t\t\t\t\t\t\t<div class=\"elementor-section-wrap\">\n\t\t\t\t\t\t\t<section class=\"elementor-section elementor-top-section elementor-element elementor-element-1cd96e1 elementor-section-height-min-height elementor-section-boxed elementor-section-height-default elementor-section-items-middle\" data-id=\"1cd96e1\" data-element_type=\"section\" data-settings=\"{&quot;background_background&quot;:&quot;classic&quot;}\">\n\t\t\t\t\t\t<div class=\"elementor-container elementor-column-gap-default\">\n\t\t\t\t\t\t\t<div class=\"elementor-row\">\n\t\t\t\t\t<div class=\"elementor-column elementor-col-100 elementor-top-column elementor-element elementor-element-66193ffb\" data-id=\"66193ffb\" data-element_type=\"column\" data-settings=\"{&quot;background_background&quot;:&quot;classic&quot;}\">\n\t\t\t<div class=\"elementor-column-wrap elementor-element-populated\">\n\t\t\t\t\t\t\t<div class=\"elementor-widget-wrap\">\n\t\t\t\t\t\t<section class=\"elementor-section elementor-inner-section elementor-element elementor-element-3dc7db1a elementor-reverse-tablet elementor-reverse-mobile elementor-section-boxed elementor-section-height-default elementor-section-height-default elementor-invisible\" data-id=\"3dc7db1a\" data-element_type=\"section\" data-settings=\"{&quot;background_background&quot;:&quot;classic&quot;,&quot;animation&quot;:&quot;fadeIn&quot;}\">\n\t\t\t\t\t\t<div class=\"elementor-container elementor-column-gap-default\">\n\t\t\t\t\t\t\t<div class=\"elementor-row\">\n\t\t\t\t\t<div class=\"elementor-column elementor-col-100 elementor-inner-column elementor-element elementor-element-79241321\" data-id=\"79241321\" data-element_type=\"column\" data-settings=\"{&quot;background_background&quot;:&quot;classic&quot;}\">\n\t\t\t<div class=\"elementor-column-wrap elementor-element-populated\">\n\t\t\t\t\t\t\t<div class=\"elementor-widget-wrap\">\n\t\t\t\t\t\t<div class=\"elementor-element elementor-element-68506914 elementor-widget-divider--view-line elementor-widget elementor-widget-divider\" data-id=\"68506914\" data-element_type=\"widget\" data-widget_type=\"divider.default\">\n\t\t\t\t<div class=\"elementor-widget-container\">\n\t\t\t\t\t<div class=\"elementor-divider\">\n\t\t\t<span class=\"elementor-divider-separator\">\n\t\t\t\t\t\t<\/span>\n\t\t<\/div>\n\t\t\t\t<\/div>\n\t\t\t\t<\/div>\n\t\t\t\t<div class=\"elementor-element elementor-element-c13f764 animated-fast elementor-invisible elementor-widget elementor-widget-heading\" data-id=\"c13f764\" data-element_type=\"widget\" data-settings=\"{&quot;_animation&quot;:&quot;fadeInUp&quot;}\" data-widget_type=\"heading.default\">\n\t\t\t\t<div class=\"elementor-widget-container\">\n\t\t\t<h2 class=\"elementor-heading-title elementor-size-medium\">Abonnement RBB<\/h2>\t\t<\/div>\n\t\t\t\t<\/div>\n\t\t\t\t<div class=\"elementor-element elementor-element-2c097577 elementor-widget elementor-widget-text-editor\" data-id=\"2c097577\" data-element_type=\"widget\" data-widget_type=\"text-editor.default\">\n\t\t\t\t<div class=\"elementor-widget-container\">\n\t\t\t\t\t\t\t\t<div class=\"elementor-text-editor elementor-clearfix\">\n\t\t\t\t<p><strong>POURQUOI S&#8217;ABONNER ?<\/strong><\/p><ul><li>Visibilit\u00e9 sur nos r\u00e9seaux sociaux et sur le site internet.<\/li><li>Formations, conseils et services fournis par des professionnels \u00e0 des prix avantageux (20% de r\u00e9duction).<\/li><li>Coaching personnalis\u00e9 pour progresser dans ton projet (1h gratuite\/mois).<\/li><li>Entr\u00e9e gratuite au Congr\u00e8s des entrepreneurs.<\/li><li>Priorit\u00e9 pour la location des stands lors de nos \u00e9v\u00e9nements.<\/li><\/ul><p><strong>TARIF ABONNEMENT : 240<\/strong><strong>\u20ac\/an (possibilit\u00e9 de payer 20\u20ac\/mois)<\/strong><\/p><p>\u27a1\ufe0f Depuis l&#8217;Europe, paiement par virement sur le compte RBB asbl :<\/p><p>\u00a0 \u00a0 \u00a0 \u00a0BE04 0689 3145 2631<\/p><p>\u00a0 \u00a0 \u00a0 \u00a0BIC (SWIFT) : BBRUBEBB<\/p><p>\u27a1\ufe0f Hors Europe, paiement par PayPal : <a href=\"https:\/\/www.paypal.me\/RBisoBasi\">https:\/\/www.paypal.me\/RBisoBasi<\/a><\/p><p>\u00a0 \u00a0 \u00a0 Communication de paiement : pr\u00e9nom + nom + abonnement<\/p>\t\t\t\t\t<\/div>\n\t\t\t\t\t\t<\/div>\n\t\t\t\t<\/div>\n\t\t\t\t<div class=\"elementor-element elementor-element-d373c41 elementor-widget elementor-widget-text-editor\" data-id=\"d373c41\" data-element_type=\"widget\" data-widget_type=\"text-editor.default\">\n\t\t\t\t<div class=\"elementor-widget-container\">\n\t\t\t\t\t\t\t\t<div class=\"elementor-text-editor elementor-clearfix\">\n\t\t\t\t\t\t\t\t\t<\/div>\n\t\t\t\t\t\t<\/div>\n\t\t\t\t<\/div>\n\t\t\t\t<div class=\"elementor-element elementor-element-21dd55d4 elementor-align-center elementor-widget elementor-widget-button\" data-id=\"21dd55d4\" data-element_type=\"widget\" data-widget_type=\"button.default\">\n\t\t\t\t<div class=\"elementor-widget-container\">\n\t\t\t\t\t<div class=\"elementor-button-wrapper\">\n\t\t\t<a href=\"https:\/\/docs.google.com\/forms\/d\/e\/1FAIpQLSefY9V8BKGhVcBiK_m7jmKa0vB8nXOPx-n3hwaz9NfcKug5_g\/viewform\" class=\"elementor-button-link elementor-button elementor-size-sm elementor-animation-grow\" role=\"button\">\n\t\t\t\t\t\t<span class=\"elementor-button-content-wrapper\">\n\t\t\t\t\t\t<span class=\"elementor-button-icon elementor-align-icon-right\">\n\t\t\t\t<i aria-hidden=\"true\" class=\"far fa-arrow-alt-circle-right\"><\/i>\t\t\t<\/span>\n\t\t\t\t\t\t<span class=\"elementor-button-text\">Je m'abonne<\/span>\n\t\t<\/span>\n\t\t\t\t\t<\/a>\n\t\t<\/div>\n\t\t\t\t<\/div>\n\t\t\t\t<\/div>\n\t\t\t\t\t\t<\/div>\n\t\t\t\t\t<\/div>\n\t\t<\/div>\n\t\t\t\t\t\t\t\t<\/div>\n\t\t\t\t\t<\/div>\n\t\t<\/section>\n\t\t\t\t\t\t<\/div>\n\t\t\t\t\t<\/div>\n\t\t<\/div>\n\t\t\t\t\t\t\t\t<\/div>\n\t\t\t\t\t<\/div>\n\t\t<\/section>\n\t\t\t\t\t\t<\/div>\n\t\t\t\t\t\t<\/div>\n\t\t\t\t\t<\/div>\n\t\t","protected":false},"excerpt":{"rendered":"<p>Abonnement RBB POURQUOI S&#8217;ABONNER ? Visibilit\u00e9 sur nos r\u00e9seaux sociaux et sur le site internet. Formations, conseils et services fournis par des professionnels \u00e0 des prix avantageux (20% de r\u00e9duction). [&hellip;]<\/p>\n","protected":false},"author":2,"featured_media":0,"parent":0,"menu_order":0,"comment_status":"closed","ping_status":"closed","template":"elementor_header_footer","meta":{"footnotes":""},"class_list":["post-4597","page","type-page","status-publish","hentry"],"yoast_head":"<!-- This site is optimized with the Yoast SEO plugin v18.0 - https:\/\/yoast.com\/wordpress\/plugins\/seo\/ -->\n<title>Abonnement RBB - R\u00e9seau Biso Basi<\/title>\n<meta name=\"robots\" content=\"index, follow, max-snippet:-1, max-image-preview:large, max-video-preview:-1\" \/>\n<link rel=\"canonical\" href=\"https:\/\/fbb-rbb.com\/index.php\/abonnement-rbb\/\" \/>\n<meta property=\"og:locale\" content=\"en_US\" \/>\n<meta property=\"og:type\" content=\"article\" \/>\n<meta property=\"og:title\" content=\"Abonnement RBB - R\u00e9seau Biso Basi\" \/>\n<meta property=\"og:description\" content=\"Abonnement RBB POURQUOI S&#8217;ABONNER ? Visibilit\u00e9 sur nos r\u00e9seaux sociaux et sur le site internet. Formations, conseils et services fournis par des professionnels \u00e0 des prix avantageux (20% de r\u00e9duction). [&hellip;]\" \/>\n<meta property=\"og:url\" content=\"https:\/\/fbb-rbb.com\/index.php\/abonnement-rbb\/\" \/>\n<meta property=\"og:site_name\" content=\"R\u00e9seau Biso Basi\" \/>\n<meta property=\"article:modified_time\" content=\"2026-01-14T19:18:54+00:00\" \/>\n<meta name=\"twitter:card\" content=\"summary_large_image\" \/>\n<meta name=\"twitter:label1\" content=\"Est. reading time\" \/>\n\t<meta name=\"twitter:data1\" content=\"1 minute\" \/>\n<script type=\"application\/ld+json\" class=\"yoast-schema-graph\">{\"@context\":\"https:\/\/schema.org\",\"@graph\":[{\"@type\":\"WebSite\",\"@id\":\"https:\/\/fbb-rbb.com\/#website\",\"url\":\"https:\/\/fbb-rbb.com\/\",\"name\":\"R\u00e9seau Biso Basi\",\"description\":\"R\u00e9seau BISO BASI\",\"potentialAction\":[{\"@type\":\"SearchAction\",\"target\":{\"@type\":\"EntryPoint\",\"urlTemplate\":\"https:\/\/fbb-rbb.com\/?s={search_term_string}\"},\"query-input\":\"required name=search_term_string\"}],\"inLanguage\":\"en-US\"},{\"@type\":\"WebPage\",\"@id\":\"https:\/\/fbb-rbb.com\/index.php\/abonnement-rbb\/#webpage\",\"url\":\"https:\/\/fbb-rbb.com\/index.php\/abonnement-rbb\/\",\"name\":\"Abonnement RBB - R\u00e9seau Biso Basi\",\"isPartOf\":{\"@id\":\"https:\/\/fbb-rbb.com\/#website\"},\"datePublished\":\"2022-09-17T09:48:29+00:00\",\"dateModified\":\"2026-01-14T19:18:54+00:00\",\"breadcrumb\":{\"@id\":\"https:\/\/fbb-rbb.com\/index.php\/abonnement-rbb\/#breadcrumb\"},\"inLanguage\":\"en-US\",\"potentialAction\":[{\"@type\":\"ReadAction\",\"target\":[\"https:\/\/fbb-rbb.com\/index.php\/abonnement-rbb\/\"]}]},{\"@type\":\"BreadcrumbList\",\"@id\":\"https:\/\/fbb-rbb.com\/index.php\/abonnement-rbb\/#breadcrumb\",\"itemListElement\":[{\"@type\":\"ListItem\",\"position\":1,\"name\":\"Home\",\"item\":\"https:\/\/fbb-rbb.com\/\"},{\"@type\":\"ListItem\",\"position\":2,\"name\":\"Abonnement RBB\"}]}]}<\/script>\n<!-- \/ Yoast SEO plugin. -->","yoast_head_json":{"title":"Abonnement RBB - R\u00e9seau Biso Basi","robots":{"index":"index","follow":"follow","max-snippet":"max-snippet:-1","max-image-preview":"max-image-preview:large","max-video-preview":"max-video-preview:-1"},"canonical":"https:\/\/fbb-rbb.com\/index.php\/abonnement-rbb\/","og_locale":"en_US","og_type":"article","og_title":"Abonnement RBB - R\u00e9seau Biso Basi","og_description":"Abonnement RBB POURQUOI S&#8217;ABONNER ? Visibilit\u00e9 sur nos r\u00e9seaux sociaux et sur le site internet. Formations, conseils et services fournis par des professionnels \u00e0 des prix avantageux (20% de r\u00e9duction). [&hellip;]","og_url":"https:\/\/fbb-rbb.com\/index.php\/abonnement-rbb\/","og_site_name":"R\u00e9seau Biso Basi","article_modified_time":"2026-01-14T19:18:54+00:00","twitter_card":"summary_large_image","twitter_misc":{"Est. reading time":"1 minute"},"schema":{"@context":"https:\/\/schema.org","@graph":[{"@type":"WebSite","@id":"https:\/\/fbb-rbb.com\/#website","url":"https:\/\/fbb-rbb.com\/","name":"R\u00e9seau Biso Basi","description":"R\u00e9seau BISO BASI","potentialAction":[{"@type":"SearchAction","target":{"@type":"EntryPoint","urlTemplate":"https:\/\/fbb-rbb.com\/?s={search_term_string}"},"query-input":"required name=search_term_string"}],"inLanguage":"en-US"},{"@type":"WebPage","@id":"https:\/\/fbb-rbb.com\/index.php\/abonnement-rbb\/#webpage","url":"https:\/\/fbb-rbb.com\/index.php\/abonnement-rbb\/","name":"Abonnement RBB - R\u00e9seau Biso Basi","isPartOf":{"@id":"https:\/\/fbb-rbb.com\/#website"},"datePublished":"2022-09-17T09:48:29+00:00","dateModified":"2026-01-14T19:18:54+00:00","breadcrumb":{"@id":"https:\/\/fbb-rbb.com\/index.php\/abonnement-rbb\/#breadcrumb"},"inLanguage":"en-US","potentialAction":[{"@type":"ReadAction","target":["https:\/\/fbb-rbb.com\/index.php\/abonnement-rbb\/"]}]},{"@type":"BreadcrumbList","@id":"https:\/\/fbb-rbb.com\/index.php\/abonnement-rbb\/#breadcrumb","itemListElement":[{"@type":"ListItem","position":1,"name":"Home","item":"https:\/\/fbb-rbb.com\/"},{"@type":"ListItem","position":2,"name":"Abonnement RBB"}]}]}},"_links":{"self":[{"href":"https:\/\/fbb-rbb.com\/index.php\/wp-json\/wp\/v2\/pages\/4597","targetHints":{"allow":["GET"]}}],"collection":[{"href":"https:\/\/fbb-rbb.com\/index.php\/wp-json\/wp\/v2\/pages"}],"about":[{"href":"https:\/\/fbb-rbb.com\/index.php\/wp-json\/wp\/v2\/types\/page"}],"author":[{"embeddable":true,"href":"https:\/\/fbb-rbb.com\/index.php\/wp-json\/wp\/v2\/users\/2"}],"replies":[{"embeddable":true,"href":"https:\/\/fbb-rbb.com\/index.php\/wp-json\/wp\/v2\/comments?post=4597"}],"version-history":[{"count":169,"href":"https:\/\/fbb-rbb.com\/index.php\/wp-json\/wp\/v2\/pages\/4597\/revisions"}],"predecessor-version":[{"id":5765,"href":"https:\/\/fbb-rbb.com\/index.php\/wp-json\/wp\/v2\/pages\/4597\/revisions\/5765"}],"wp:attachment":[{"href":"https:\/\/fbb-rbb.com\/index.php\/wp-json\/wp\/v2\/media?parent=4597"}],"curies":[{"name":"wp","href":"https:\/\/api.w.org\/{rel}","templated":true}]}}